{"id":3447,"date":"2025-02-23T21:51:32","date_gmt":"2025-02-23T20:51:32","guid":{"rendered":"https:\/\/www.lunette-opticien-paris.com\/?post_type=product&#038;p=3447"},"modified":"2025-11-03T15:14:37","modified_gmt":"2025-11-03T14:14:37","slug":"lunettes-de-soleil-cartier-ct0552s-003-m","status":"publish","type":"product","link":"https:\/\/www.lunette-opticien-paris.com\/index.php\/produit\/lunettes-de-soleil-cartier-ct0552s-003-m\/","title":{"rendered":"Lunettes de soleil Cartier panth\u00e8re CT0552S-003  M"},"content":{"rendered":"<p><strong>Lunettes de soleil Cartier CT0552S-003 M \u2013 Le luxe au service de votre protection solaire<\/strong><\/p>\n<p>Chez Roosevelt Optic, les lunettes de soleil Cartier CT0552S incarnent l\u2019\u00e9l\u00e9gance intemporelle associ\u00e9e \u00e0 une Nouvelle d\u00e9clinaison pr\u00e9cieuse de la silhouette Panth\u00e8re bidimensionnelle en or massif 18 carats, orn\u00e9e de grenats tsavorites verts sur les yeux de l\u2019animal. Charni\u00e8re orn\u00e9e de la silhouette embl\u00e9matique de la Panth\u00e8re con\u00e7ue dans les moindres d\u00e9tails et enrichie de pierres pr\u00e9cieuses. Monture rectangulaire moderne non cercl\u00e9e, parfaite pour un look \u00e0 la fois \u00e9l\u00e9gant et contemporain. Monture disponible en or massif 18 carats jaune, or et rose associ\u00e9 \u00e0 des verres \u00e0 rev\u00eatement dor\u00e9<\/p>\n<p><strong>Plusieurs couleurs disponibles pour les lunettes de soleil Cartier CT0552S<\/strong><br \/>\nCes lunettes de soleil Cartier se d\u00e9clinent en plusieurs coloris, dont le <strong><a href=\"https:\/\/www.lunette-opticien-paris.com\/index.php\/produit\/lunettes-de-soleil-cartier-ct0439s-002-l\/\">dor\u00e9<\/a><\/strong>, le dor\u00e9 ros\u00e9 et Argent, pour s\u2019adapter \u00e0 toutes vos envies. Vous appr\u00e9cierez la finesse de la monture perc\u00e9e, qui garantit l\u00e9g\u00e8ret\u00e9 et \u00e9l\u00e9gance. Chaque d\u00e9tail de ce mod\u00e8le a \u00e9t\u00e9 soigneusement pens\u00e9 pour offrir un style moderne et distinctif, tout en assurant une protection solaire efficace.Lunettes de soleil Cartier CT0552S-003 M<\/p>\n<p><strong>Pourquoi choisir les lunettes de soleil Cartier CT0552S-003 M ?<\/strong><\/p>\n<p>Les lunettes de soleil Cartier CT0552S-001 M sont bien plus qu\u2019un accessoire de mode. Elles repr\u00e9sentent un investissement dans votre confort visuel, avec des verres de haute qualit\u00e9 capables de filtrer les rayons UV et d\u2019\u00e9liminer les \u00e9blouissements. Chez Roosevelt Optic,nous vous proposons ce mod\u00e8le prestigieux, qui associe l\u2019excellence du design et la performance visuelle. Explorez <strong><a href=\"https:\/\/www.lunette-opticien-paris.com\/index.php\/categorie-produit\/cartier\/\">notre collection<\/a><\/strong> et adoptez ces lunettes de soleil qui allient parfaitement style et protection pour les beaux jours.<\/p>\n","protected":false},"excerpt":{"rendered":"<p>Mat\u00e9riau de la lunette : Or et Pierre<br \/>\nType de verres : Teinte unie<br \/>\nCaract\u00e9ristiques des verres : Verres<br \/>\nR\u00e9f\u00e9rence :CT0552S-001<br \/>\nTaille : M<\/p>\n","protected":false},"featured_media":3444,"comment_status":"open","ping_status":"closed","template":"","meta":{"_acf_changed":false},"product_brand":[],"product_cat":[90,23,94,95,26,96],"product_tag":[101],"class_list":{"0":"post-3447","1":"product","2":"type-product","3":"status-publish","4":"has-post-thumbnail","6":"product_cat-cartier","7":"product_cat-lunettes-de-soleil","8":"product_cat-lunettes-de-soleil-cartier","9":"product_cat-lunettes-de-soleil-femme-cartier","10":"product_cat-lunettes-de-soleil-homme","11":"product_cat-lunettes-de-soleil-homme-cartier","12":"product_tag-lunettes-de-soleil","14":"first","15":"instock","16":"sale","17":"taxable","18":"shipping-taxable","19":"purchasable","20":"product-type-simple"},"acf":[],"yoast_head":"<!-- This site is optimized with the Yoast SEO plugin v27.4 - https:\/\/yoast.com\/product\/yoast-seo-wordpress\/ -->\n<title>Lunettes de soleil Cartier panth\u00e8re CT0552S-003 M - Roosevelt optic<\/title>\n<meta name=\"description\" content=\"Retrouvez dans notre boutique Roosevelt optic \u00e0 Paris 8e les Lunettes de soleil Cartier panth\u00e8re CT0552S-003 M.\" \/>\n<meta name=\"robots\" content=\"index, follow, max-snippet:-1, max-image-preview:large, max-video-preview:-1\" \/>\n<link rel=\"canonical\" href=\"https:\/\/www.lunette-opticien-paris.com\/index.php\/produit\/lunettes-de-soleil-cartier-ct0552s-003-m\/\" \/>\n<meta property=\"og:locale\" content=\"fr_FR\" \/>\n<meta property=\"og:type\" content=\"article\" \/>\n<meta property=\"og:title\" content=\"Lunettes de soleil Cartier panth\u00e8re CT0552S-003 M - Roosevelt optic\" \/>\n<meta property=\"og:description\" content=\"Retrouvez dans notre boutique Roosevelt optic \u00e0 Paris 8e les Lunettes de soleil Cartier panth\u00e8re CT0552S-003 M.\" \/>\n<meta property=\"og:url\" content=\"https:\/\/www.lunette-opticien-paris.com\/index.php\/produit\/lunettes-de-soleil-cartier-ct0552s-003-m\/\" \/>\n<meta property=\"og:site_name\" content=\"Roosevelt optic\" \/>\n<meta property=\"article:publisher\" content=\"https:\/\/www.facebook.com\/opticien.Paris\/\" \/>\n<meta property=\"article:modified_time\" content=\"2025-11-03T14:14:37+00:00\" \/>\n<meta property=\"og:image\" content=\"https:\/\/www.lunette-opticien-paris.com\/wp-content\/uploads\/2025\/02\/CT0552S003.webp\" \/>\n\t<meta property=\"og:image:width\" content=\"2400\" \/>\n\t<meta property=\"og:image:height\" content=\"1286\" \/>\n\t<meta property=\"og:image:type\" content=\"image\/webp\" \/>\n<meta name=\"twitter:card\" content=\"summary_large_image\" \/>\n<meta name=\"twitter:label1\" content=\"Dur\u00e9e de lecture estim\u00e9e\" \/>\n\t<meta name=\"twitter:data1\" content=\"2 minutes\" \/>\n<script type=\"application\/ld+json\" class=\"yoast-schema-graph\">{\"@context\":\"https:\\\/\\\/schema.org\",\"@graph\":[{\"@type\":\"WebPage\",\"@id\":\"https:\\\/\\\/www.lunette-opticien-paris.com\\\/index.php\\\/produit\\\/lunettes-de-soleil-cartier-ct0552s-003-m\\\/\",\"url\":\"https:\\\/\\\/www.lunette-opticien-paris.com\\\/index.php\\\/produit\\\/lunettes-de-soleil-cartier-ct0552s-003-m\\\/\",\"name\":\"Lunettes de soleil Cartier panth\u00e8re CT0552S-003 M - Roosevelt optic\",\"isPartOf\":{\"@id\":\"https:\\\/\\\/www.lunette-opticien-paris.com\\\/#website\"},\"primaryImageOfPage\":{\"@id\":\"https:\\\/\\\/www.lunette-opticien-paris.com\\\/index.php\\\/produit\\\/lunettes-de-soleil-cartier-ct0552s-003-m\\\/#primaryimage\"},\"image\":{\"@id\":\"https:\\\/\\\/www.lunette-opticien-paris.com\\\/index.php\\\/produit\\\/lunettes-de-soleil-cartier-ct0552s-003-m\\\/#primaryimage\"},\"thumbnailUrl\":\"https:\\\/\\\/www.lunette-opticien-paris.com\\\/wp-content\\\/uploads\\\/2025\\\/02\\\/CT0552S003.webp\",\"datePublished\":\"2025-02-23T20:51:32+00:00\",\"dateModified\":\"2025-11-03T14:14:37+00:00\",\"description\":\"Retrouvez dans notre boutique Roosevelt optic \u00e0 Paris 8e les Lunettes de soleil Cartier panth\u00e8re CT0552S-003 M.\",\"breadcrumb\":{\"@id\":\"https:\\\/\\\/www.lunette-opticien-paris.com\\\/index.php\\\/produit\\\/lunettes-de-soleil-cartier-ct0552s-003-m\\\/#breadcrumb\"},\"inLanguage\":\"fr-FR\",\"potentialAction\":[{\"@type\":\"ReadAction\",\"target\":[\"https:\\\/\\\/www.lunette-opticien-paris.com\\\/index.php\\\/produit\\\/lunettes-de-soleil-cartier-ct0552s-003-m\\\/\"]}]},{\"@type\":\"ImageObject\",\"inLanguage\":\"fr-FR\",\"@id\":\"https:\\\/\\\/www.lunette-opticien-paris.com\\\/index.php\\\/produit\\\/lunettes-de-soleil-cartier-ct0552s-003-m\\\/#primaryimage\",\"url\":\"https:\\\/\\\/www.lunette-opticien-paris.com\\\/wp-content\\\/uploads\\\/2025\\\/02\\\/CT0552S003.webp\",\"contentUrl\":\"https:\\\/\\\/www.lunette-opticien-paris.com\\\/wp-content\\\/uploads\\\/2025\\\/02\\\/CT0552S003.webp\",\"width\":2400,\"height\":1286},{\"@type\":\"BreadcrumbList\",\"@id\":\"https:\\\/\\\/www.lunette-opticien-paris.com\\\/index.php\\\/produit\\\/lunettes-de-soleil-cartier-ct0552s-003-m\\\/#breadcrumb\",\"itemListElement\":[{\"@type\":\"ListItem\",\"position\":1,\"name\":\"Accueil\",\"item\":\"https:\\\/\\\/www.lunette-opticien-paris.com\\\/\"},{\"@type\":\"ListItem\",\"position\":2,\"name\":\"Produits\",\"item\":\"https:\\\/\\\/www.lunette-opticien-paris.com\\\/index.php\\\/boutique\\\/\"},{\"@type\":\"ListItem\",\"position\":3,\"name\":\"Lunettes de soleil Cartier panth\u00e8re CT0552S-003 M\"}]},{\"@type\":\"WebSite\",\"@id\":\"https:\\\/\\\/www.lunette-opticien-paris.com\\\/#website\",\"url\":\"https:\\\/\\\/www.lunette-opticien-paris.com\\\/\",\"name\":\"Roosevelt Optic\",\"description\":\"Opticien \u00e0 Paris 8e depuis plus de 20 ans\",\"publisher\":{\"@id\":\"https:\\\/\\\/www.lunette-opticien-paris.com\\\/#organization\"},\"alternateName\":\"Roosevelt Optic\",\"potentialAction\":[{\"@type\":\"SearchAction\",\"target\":{\"@type\":\"EntryPoint\",\"urlTemplate\":\"https:\\\/\\\/www.lunette-opticien-paris.com\\\/?s={search_term_string}\"},\"query-input\":{\"@type\":\"PropertyValueSpecification\",\"valueRequired\":true,\"valueName\":\"search_term_string\"}}],\"inLanguage\":\"fr-FR\"},{\"@type\":\"Organization\",\"@id\":\"https:\\\/\\\/www.lunette-opticien-paris.com\\\/#organization\",\"name\":\"Roosevelt Optic\",\"alternateName\":\"Roosevelt Optic\",\"url\":\"https:\\\/\\\/www.lunette-opticien-paris.com\\\/\",\"logo\":{\"@type\":\"ImageObject\",\"inLanguage\":\"fr-FR\",\"@id\":\"https:\\\/\\\/www.lunette-opticien-paris.com\\\/#\\\/schema\\\/logo\\\/image\\\/\",\"url\":\"https:\\\/\\\/www.lunette-opticien-paris.com\\\/wp-content\\\/uploads\\\/2023\\\/03\\\/RooseveltOptic_CARLCOM_Logo_VDAW_SignBlue2-1-e1681655662478.png\",\"contentUrl\":\"https:\\\/\\\/www.lunette-opticien-paris.com\\\/wp-content\\\/uploads\\\/2023\\\/03\\\/RooseveltOptic_CARLCOM_Logo_VDAW_SignBlue2-1-e1681655662478.png\",\"width\":959,\"height\":347,\"caption\":\"Roosevelt Optic\"},\"image\":{\"@id\":\"https:\\\/\\\/www.lunette-opticien-paris.com\\\/#\\\/schema\\\/logo\\\/image\\\/\"},\"sameAs\":[\"https:\\\/\\\/www.facebook.com\\\/opticien.Paris\\\/\",\"https:\\\/\\\/www.instagram.com\\\/rooseveltoptic\\\/\"]}]}<\/script>\n<!-- \/ Yoast SEO plugin. -->","yoast_head_json":{"title":"Lunettes de soleil Cartier panth\u00e8re CT0552S-003 M - Roosevelt optic","description":"Retrouvez dans notre boutique Roosevelt optic \u00e0 Paris 8e les Lunettes de soleil Cartier panth\u00e8re CT0552S-003 M.","robots":{"index":"index","follow":"follow","max-snippet":"max-snippet:-1","max-image-preview":"max-image-preview:large","max-video-preview":"max-video-preview:-1"},"canonical":"https:\/\/www.lunette-opticien-paris.com\/index.php\/produit\/lunettes-de-soleil-cartier-ct0552s-003-m\/","og_locale":"fr_FR","og_type":"article","og_title":"Lunettes de soleil Cartier panth\u00e8re CT0552S-003 M - Roosevelt optic","og_description":"Retrouvez dans notre boutique Roosevelt optic \u00e0 Paris 8e les Lunettes de soleil Cartier panth\u00e8re CT0552S-003 M.","og_url":"https:\/\/www.lunette-opticien-paris.com\/index.php\/produit\/lunettes-de-soleil-cartier-ct0552s-003-m\/","og_site_name":"Roosevelt optic","article_publisher":"https:\/\/www.facebook.com\/opticien.Paris\/","article_modified_time":"2025-11-03T14:14:37+00:00","og_image":[{"width":2400,"height":1286,"url":"https:\/\/www.lunette-opticien-paris.com\/wp-content\/uploads\/2025\/02\/CT0552S003.webp","type":"image\/webp"}],"twitter_card":"summary_large_image","twitter_misc":{"Dur\u00e9e de lecture estim\u00e9e":"2 minutes"},"schema":{"@context":"https:\/\/schema.org","@graph":[{"@type":"WebPage","@id":"https:\/\/www.lunette-opticien-paris.com\/index.php\/produit\/lunettes-de-soleil-cartier-ct0552s-003-m\/","url":"https:\/\/www.lunette-opticien-paris.com\/index.php\/produit\/lunettes-de-soleil-cartier-ct0552s-003-m\/","name":"Lunettes de soleil Cartier panth\u00e8re CT0552S-003 M - Roosevelt optic","isPartOf":{"@id":"https:\/\/www.lunette-opticien-paris.com\/#website"},"primaryImageOfPage":{"@id":"https:\/\/www.lunette-opticien-paris.com\/index.php\/produit\/lunettes-de-soleil-cartier-ct0552s-003-m\/#primaryimage"},"image":{"@id":"https:\/\/www.lunette-opticien-paris.com\/index.php\/produit\/lunettes-de-soleil-cartier-ct0552s-003-m\/#primaryimage"},"thumbnailUrl":"https:\/\/www.lunette-opticien-paris.com\/wp-content\/uploads\/2025\/02\/CT0552S003.webp","datePublished":"2025-02-23T20:51:32+00:00","dateModified":"2025-11-03T14:14:37+00:00","description":"Retrouvez dans notre boutique Roosevelt optic \u00e0 Paris 8e les Lunettes de soleil Cartier panth\u00e8re CT0552S-003 M.","breadcrumb":{"@id":"https:\/\/www.lunette-opticien-paris.com\/index.php\/produit\/lunettes-de-soleil-cartier-ct0552s-003-m\/#breadcrumb"},"inLanguage":"fr-FR","potentialAction":[{"@type":"ReadAction","target":["https:\/\/www.lunette-opticien-paris.com\/index.php\/produit\/lunettes-de-soleil-cartier-ct0552s-003-m\/"]}]},{"@type":"ImageObject","inLanguage":"fr-FR","@id":"https:\/\/www.lunette-opticien-paris.com\/index.php\/produit\/lunettes-de-soleil-cartier-ct0552s-003-m\/#primaryimage","url":"https:\/\/www.lunette-opticien-paris.com\/wp-content\/uploads\/2025\/02\/CT0552S003.webp","contentUrl":"https:\/\/www.lunette-opticien-paris.com\/wp-content\/uploads\/2025\/02\/CT0552S003.webp","width":2400,"height":1286},{"@type":"BreadcrumbList","@id":"https:\/\/www.lunette-opticien-paris.com\/index.php\/produit\/lunettes-de-soleil-cartier-ct0552s-003-m\/#breadcrumb","itemListElement":[{"@type":"ListItem","position":1,"name":"Accueil","item":"https:\/\/www.lunette-opticien-paris.com\/"},{"@type":"ListItem","position":2,"name":"Produits","item":"https:\/\/www.lunette-opticien-paris.com\/index.php\/boutique\/"},{"@type":"ListItem","position":3,"name":"Lunettes de soleil Cartier panth\u00e8re CT0552S-003 M"}]},{"@type":"WebSite","@id":"https:\/\/www.lunette-opticien-paris.com\/#website","url":"https:\/\/www.lunette-opticien-paris.com\/","name":"Roosevelt Optic","description":"Opticien \u00e0 Paris 8e depuis plus de 20 ans","publisher":{"@id":"https:\/\/www.lunette-opticien-paris.com\/#organization"},"alternateName":"Roosevelt Optic","potentialAction":[{"@type":"SearchAction","target":{"@type":"EntryPoint","urlTemplate":"https:\/\/www.lunette-opticien-paris.com\/?s={search_term_string}"},"query-input":{"@type":"PropertyValueSpecification","valueRequired":true,"valueName":"search_term_string"}}],"inLanguage":"fr-FR"},{"@type":"Organization","@id":"https:\/\/www.lunette-opticien-paris.com\/#organization","name":"Roosevelt Optic","alternateName":"Roosevelt Optic","url":"https:\/\/www.lunette-opticien-paris.com\/","logo":{"@type":"ImageObject","inLanguage":"fr-FR","@id":"https:\/\/www.lunette-opticien-paris.com\/#\/schema\/logo\/image\/","url":"https:\/\/www.lunette-opticien-paris.com\/wp-content\/uploads\/2023\/03\/RooseveltOptic_CARLCOM_Logo_VDAW_SignBlue2-1-e1681655662478.png","contentUrl":"https:\/\/www.lunette-opticien-paris.com\/wp-content\/uploads\/2023\/03\/RooseveltOptic_CARLCOM_Logo_VDAW_SignBlue2-1-e1681655662478.png","width":959,"height":347,"caption":"Roosevelt Optic"},"image":{"@id":"https:\/\/www.lunette-opticien-paris.com\/#\/schema\/logo\/image\/"},"sameAs":["https:\/\/www.facebook.com\/opticien.Paris\/","https:\/\/www.instagram.com\/rooseveltoptic\/"]}]}},"_links":{"self":[{"href":"https:\/\/www.lunette-opticien-paris.com\/index.php\/wp-json\/wp\/v2\/product\/3447","targetHints":{"allow":["GET"]}}],"collection":[{"href":"https:\/\/www.lunette-opticien-paris.com\/index.php\/wp-json\/wp\/v2\/product"}],"about":[{"href":"https:\/\/www.lunette-opticien-paris.com\/index.php\/wp-json\/wp\/v2\/types\/product"}],"replies":[{"embeddable":true,"href":"https:\/\/www.lunette-opticien-paris.com\/index.php\/wp-json\/wp\/v2\/comments?post=3447"}],"version-history":[{"count":0,"href":"https:\/\/www.lunette-opticien-paris.com\/index.php\/wp-json\/wp\/v2\/product\/3447\/revisions"}],"wp:featuredmedia":[{"embeddable":true,"href":"https:\/\/www.lunette-opticien-paris.com\/index.php\/wp-json\/wp\/v2\/media\/3444"}],"wp:attachment":[{"href":"https:\/\/www.lunette-opticien-paris.com\/index.php\/wp-json\/wp\/v2\/media?parent=3447"}],"wp:term":[{"taxonomy":"product_brand","embeddable":true,"href":"https:\/\/www.lunette-opticien-paris.com\/index.php\/wp-json\/wp\/v2\/product_brand?post=3447"},{"taxonomy":"product_cat","embeddable":true,"href":"https:\/\/www.lunette-opticien-paris.com\/index.php\/wp-json\/wp\/v2\/product_cat?post=3447"},{"taxonomy":"product_tag","embeddable":true,"href":"https:\/\/www.lunette-opticien-paris.com\/index.php\/wp-json\/wp\/v2\/product_tag?post=3447"}],"curies":[{"name":"wp","href":"https:\/\/api.w.org\/{rel}","templated":true}]}}