{"id":3450,"date":"2025-02-25T21:22:02","date_gmt":"2025-02-25T20:22:02","guid":{"rendered":"https:\/\/www.lunette-opticien-paris.com\/?post_type=product&#038;p=3450"},"modified":"2026-04-21T22:42:22","modified_gmt":"2026-04-21T20:42:22","slug":"lunettes-de-vue-cartier-piccadilly-ct0344o-001-m","status":"publish","type":"product","link":"https:\/\/www.lunette-opticien-paris.com\/index.php\/produit\/lunettes-de-vue-cartier-piccadilly-ct0344o-001-m\/","title":{"rendered":"Lunettes de vue Cartier Piccadilly CT0344O-001 M"},"content":{"rendered":"<p><span data-sheets-root=\"1\"><strong>Lunettes de vue Cartier Piccadilly CT0344O-001 M<\/strong><\/span><\/p>\n<p>Chez Roosevelt Optic, les lunettes de vue Cartier CT0344O-001 repr\u00e9sentent le summum du raffinement. Nouvelle d\u00e9clinaison moderne du C de Cartier fortement li\u00e9e \u00e0 son ADN historique. Construction rectangulaire non cercl\u00e9e orn\u00e9e du C embl\u00e9matique sur la charni\u00e8re. Manchons en ac\u00e9tate orn\u00e9s de la plaque logo Cartier.<\/p>\n<p><strong>Monture raffin\u00e9e Cartier CT0344O : Une monture contemporaine et sophistiqu\u00e9e<\/strong><\/p>\n<p>Disponible en plusieurs nuances et plusieurs tailles comme le <strong><a href=\"https:\/\/www.lunette-opticien-paris.com\/index.php\/produit\/lunettes-de-vue-cartier-ct0287o-002-m\/\">M<\/a><\/strong> ou le <strong><a href=\"https:\/\/www.lunette-opticien-paris.com\/index.php\/produit\/lunettes-de-vue-cartier-ct0287o-006-xl\/\">XL<\/a><\/strong>, la monture Cartier CT0344O vous permet de choisir le mod\u00e8le qui refl\u00e8te le mieux votre personnalit\u00e9. Que vous optiez pour la version <strong><a href=\"https:\/\/www.lunette-opticien-paris.com\/index.php\/produit\/lunettes-de-vue-cartier-ct0287o-002-m\/\">dor\u00e9e<\/a> <\/strong>ou la version <strong><a href=\"https:\/\/www.lunette-opticien-paris.com\/index.php\/produit\/lunettes-de-vue-cartier-ct0287o-003-m\/\">argent\u00e9e<\/a><\/strong>, chaque mod\u00e8le se distingue par sa finition soign\u00e9e et sa l\u00e9g\u00e8ret\u00e9, gr\u00e2ce \u00e0 une monture perc\u00e9e innovante. Ces lunettes pour homme sont con\u00e7ues pour offrir un confort optimal tout en restant un accessoire de mode incontournable.<\/p>\n<p><strong>Pourquoi opter pour les lunettes de vue Cartier CT0287O ?<\/strong><\/p>\n<p>Les lunettes Cartier CT0344O incarnent bien plus qu\u2019un simple outil de correction visuelle. Elles symbolisent un engagement envers l\u2019excellence et le style. Dot\u00e9es de verres de qualit\u00e9 sup\u00e9rieure, elles garantissent une vision claire tout en assurant une protection contre les UV et les reflets. Chez Roosevelt Optic, nous sommes fiers de vous proposer <strong><a href=\"https:\/\/www.lunette-opticien-paris.com\/index.php\/categorie-produit\/cartier\/lunettes-de-vue-cartier\/\">cette collection<\/a><\/strong> qui allie parfaitement design et performance, pour r\u00e9pondre aux exigences des plus perfectionnistes. Venez d\u00e9couvrir nos mod\u00e8les et laissez-vous s\u00e9duire par l\u2019exceptionnel.<\/p>\n","protected":false},"excerpt":{"rendered":"<p><span data-sheets-root=\"1\">Mat\u00e9riau de la face : M\u00e9tal<br \/>\nType de verres : Organique<br \/>\nCaract\u00e9ristiques des verres : D\u00e9mo Organique<br \/>\nR\u00e9f\u00e9rence : CT0344O-001<br \/>\nTaille : M<\/span><\/p>\n","protected":false},"featured_media":3457,"comment_status":"open","ping_status":"closed","template":"","meta":{"_acf_changed":false},"product_brand":[],"product_cat":[90,22,91,24,92],"product_tag":[102],"class_list":{"0":"post-3450","1":"product","2":"type-product","3":"status-publish","4":"has-post-thumbnail","6":"product_cat-cartier","7":"product_cat-lunettes-de-vue","8":"product_cat-lunettes-de-vue-cartier","9":"product_cat-lunettes-de-vue-homme","10":"product_cat-lunettes-de-vue-homme-cartier","11":"product_tag-lunettes-de-vue","13":"first","14":"instock","15":"taxable","16":"shipping-taxable","17":"purchasable","18":"product-type-simple"},"acf":[],"yoast_head":"<!-- This site is optimized with the Yoast SEO plugin v27.5 - https:\/\/yoast.com\/product\/yoast-seo-wordpress\/ -->\n<title>Lunettes de vue Cartier Piccadilly CT0344O-001 M - Roosevelt optic<\/title>\n<meta name=\"description\" content=\"Retrouvez dans notre boutique Roosevelt optic \u00e0 Paris 8e les Lunettes de vue Cartier Piccadilly CT0344O-001 M.\" \/>\n<meta name=\"robots\" content=\"index, follow, max-snippet:-1, max-image-preview:large, max-video-preview:-1\" \/>\n<link rel=\"canonical\" href=\"https:\/\/www.lunette-opticien-paris.com\/index.php\/produit\/lunettes-de-vue-cartier-piccadilly-ct0344o-001-m\/\" \/>\n<meta property=\"og:locale\" content=\"fr_FR\" \/>\n<meta property=\"og:type\" content=\"article\" \/>\n<meta property=\"og:title\" content=\"Lunettes de vue Cartier Piccadilly CT0344O-001 M - Roosevelt optic\" \/>\n<meta property=\"og:description\" content=\"Retrouvez dans notre boutique Roosevelt optic \u00e0 Paris 8e les Lunettes de vue Cartier Piccadilly CT0344O-001 M.\" \/>\n<meta property=\"og:url\" content=\"https:\/\/www.lunette-opticien-paris.com\/index.php\/produit\/lunettes-de-vue-cartier-piccadilly-ct0344o-001-m\/\" \/>\n<meta property=\"og:site_name\" content=\"Roosevelt optic\" \/>\n<meta property=\"article:publisher\" content=\"https:\/\/www.facebook.com\/opticien.Paris\/\" \/>\n<meta property=\"article:modified_time\" content=\"2026-04-21T20:42:22+00:00\" \/>\n<meta property=\"og:image\" content=\"https:\/\/www.lunette-opticien-paris.com\/wp-content\/uploads\/2025\/02\/CT0340.webp\" \/>\n\t<meta property=\"og:image:width\" content=\"2400\" \/>\n\t<meta property=\"og:image:height\" content=\"1286\" \/>\n\t<meta property=\"og:image:type\" content=\"image\/webp\" \/>\n<meta name=\"twitter:card\" content=\"summary_large_image\" \/>\n<meta name=\"twitter:label1\" content=\"Dur\u00e9e de lecture estim\u00e9e\" \/>\n\t<meta name=\"twitter:data1\" content=\"2 minutes\" \/>\n<script type=\"application\/ld+json\" class=\"yoast-schema-graph\">{\"@context\":\"https:\\\/\\\/schema.org\",\"@graph\":[{\"@type\":\"WebPage\",\"@id\":\"https:\\\/\\\/www.lunette-opticien-paris.com\\\/index.php\\\/produit\\\/lunettes-de-vue-cartier-piccadilly-ct0344o-001-m\\\/\",\"url\":\"https:\\\/\\\/www.lunette-opticien-paris.com\\\/index.php\\\/produit\\\/lunettes-de-vue-cartier-piccadilly-ct0344o-001-m\\\/\",\"name\":\"Lunettes de vue Cartier Piccadilly CT0344O-001 M - Roosevelt optic\",\"isPartOf\":{\"@id\":\"https:\\\/\\\/www.lunette-opticien-paris.com\\\/#website\"},\"primaryImageOfPage\":{\"@id\":\"https:\\\/\\\/www.lunette-opticien-paris.com\\\/index.php\\\/produit\\\/lunettes-de-vue-cartier-piccadilly-ct0344o-001-m\\\/#primaryimage\"},\"image\":{\"@id\":\"https:\\\/\\\/www.lunette-opticien-paris.com\\\/index.php\\\/produit\\\/lunettes-de-vue-cartier-piccadilly-ct0344o-001-m\\\/#primaryimage\"},\"thumbnailUrl\":\"https:\\\/\\\/www.lunette-opticien-paris.com\\\/wp-content\\\/uploads\\\/2025\\\/02\\\/CT0340.webp\",\"datePublished\":\"2025-02-25T20:22:02+00:00\",\"dateModified\":\"2026-04-21T20:42:22+00:00\",\"description\":\"Retrouvez dans notre boutique Roosevelt optic \u00e0 Paris 8e les Lunettes de vue Cartier Piccadilly CT0344O-001 M.\",\"breadcrumb\":{\"@id\":\"https:\\\/\\\/www.lunette-opticien-paris.com\\\/index.php\\\/produit\\\/lunettes-de-vue-cartier-piccadilly-ct0344o-001-m\\\/#breadcrumb\"},\"inLanguage\":\"fr-FR\",\"potentialAction\":[{\"@type\":\"ReadAction\",\"target\":[\"https:\\\/\\\/www.lunette-opticien-paris.com\\\/index.php\\\/produit\\\/lunettes-de-vue-cartier-piccadilly-ct0344o-001-m\\\/\"]}]},{\"@type\":\"ImageObject\",\"inLanguage\":\"fr-FR\",\"@id\":\"https:\\\/\\\/www.lunette-opticien-paris.com\\\/index.php\\\/produit\\\/lunettes-de-vue-cartier-piccadilly-ct0344o-001-m\\\/#primaryimage\",\"url\":\"https:\\\/\\\/www.lunette-opticien-paris.com\\\/wp-content\\\/uploads\\\/2025\\\/02\\\/CT0340.webp\",\"contentUrl\":\"https:\\\/\\\/www.lunette-opticien-paris.com\\\/wp-content\\\/uploads\\\/2025\\\/02\\\/CT0340.webp\",\"width\":2400,\"height\":1286},{\"@type\":\"BreadcrumbList\",\"@id\":\"https:\\\/\\\/www.lunette-opticien-paris.com\\\/index.php\\\/produit\\\/lunettes-de-vue-cartier-piccadilly-ct0344o-001-m\\\/#breadcrumb\",\"itemListElement\":[{\"@type\":\"ListItem\",\"position\":1,\"name\":\"Accueil\",\"item\":\"https:\\\/\\\/www.lunette-opticien-paris.com\\\/\"},{\"@type\":\"ListItem\",\"position\":2,\"name\":\"Produits\",\"item\":\"https:\\\/\\\/www.lunette-opticien-paris.com\\\/index.php\\\/boutique\\\/\"},{\"@type\":\"ListItem\",\"position\":3,\"name\":\"Lunettes de vue Cartier Piccadilly CT0344O-001 M\"}]},{\"@type\":\"WebSite\",\"@id\":\"https:\\\/\\\/www.lunette-opticien-paris.com\\\/#website\",\"url\":\"https:\\\/\\\/www.lunette-opticien-paris.com\\\/\",\"name\":\"Roosevelt Optic\",\"description\":\"Opticien \u00e0 Paris 8e depuis plus de 20 ans\",\"publisher\":{\"@id\":\"https:\\\/\\\/www.lunette-opticien-paris.com\\\/#organization\"},\"alternateName\":\"Roosevelt Optic\",\"potentialAction\":[{\"@type\":\"SearchAction\",\"target\":{\"@type\":\"EntryPoint\",\"urlTemplate\":\"https:\\\/\\\/www.lunette-opticien-paris.com\\\/?s={search_term_string}\"},\"query-input\":{\"@type\":\"PropertyValueSpecification\",\"valueRequired\":true,\"valueName\":\"search_term_string\"}}],\"inLanguage\":\"fr-FR\"},{\"@type\":\"Organization\",\"@id\":\"https:\\\/\\\/www.lunette-opticien-paris.com\\\/#organization\",\"name\":\"Roosevelt Optic\",\"alternateName\":\"Roosevelt Optic\",\"url\":\"https:\\\/\\\/www.lunette-opticien-paris.com\\\/\",\"logo\":{\"@type\":\"ImageObject\",\"inLanguage\":\"fr-FR\",\"@id\":\"https:\\\/\\\/www.lunette-opticien-paris.com\\\/#\\\/schema\\\/logo\\\/image\\\/\",\"url\":\"https:\\\/\\\/www.lunette-opticien-paris.com\\\/wp-content\\\/uploads\\\/2023\\\/03\\\/RooseveltOptic_CARLCOM_Logo_VDAW_SignBlue2-1-e1681655662478.png\",\"contentUrl\":\"https:\\\/\\\/www.lunette-opticien-paris.com\\\/wp-content\\\/uploads\\\/2023\\\/03\\\/RooseveltOptic_CARLCOM_Logo_VDAW_SignBlue2-1-e1681655662478.png\",\"width\":959,\"height\":347,\"caption\":\"Roosevelt Optic\"},\"image\":{\"@id\":\"https:\\\/\\\/www.lunette-opticien-paris.com\\\/#\\\/schema\\\/logo\\\/image\\\/\"},\"sameAs\":[\"https:\\\/\\\/www.facebook.com\\\/opticien.Paris\\\/\",\"https:\\\/\\\/www.instagram.com\\\/rooseveltoptic\\\/\"]}]}<\/script>\n<!-- \/ Yoast SEO plugin. -->","yoast_head_json":{"title":"Lunettes de vue Cartier Piccadilly CT0344O-001 M - Roosevelt optic","description":"Retrouvez dans notre boutique Roosevelt optic \u00e0 Paris 8e les Lunettes de vue Cartier Piccadilly CT0344O-001 M.","robots":{"index":"index","follow":"follow","max-snippet":"max-snippet:-1","max-image-preview":"max-image-preview:large","max-video-preview":"max-video-preview:-1"},"canonical":"https:\/\/www.lunette-opticien-paris.com\/index.php\/produit\/lunettes-de-vue-cartier-piccadilly-ct0344o-001-m\/","og_locale":"fr_FR","og_type":"article","og_title":"Lunettes de vue Cartier Piccadilly CT0344O-001 M - Roosevelt optic","og_description":"Retrouvez dans notre boutique Roosevelt optic \u00e0 Paris 8e les Lunettes de vue Cartier Piccadilly CT0344O-001 M.","og_url":"https:\/\/www.lunette-opticien-paris.com\/index.php\/produit\/lunettes-de-vue-cartier-piccadilly-ct0344o-001-m\/","og_site_name":"Roosevelt optic","article_publisher":"https:\/\/www.facebook.com\/opticien.Paris\/","article_modified_time":"2026-04-21T20:42:22+00:00","og_image":[{"width":2400,"height":1286,"url":"https:\/\/www.lunette-opticien-paris.com\/wp-content\/uploads\/2025\/02\/CT0340.webp","type":"image\/webp"}],"twitter_card":"summary_large_image","twitter_misc":{"Dur\u00e9e de lecture estim\u00e9e":"2 minutes"},"schema":{"@context":"https:\/\/schema.org","@graph":[{"@type":"WebPage","@id":"https:\/\/www.lunette-opticien-paris.com\/index.php\/produit\/lunettes-de-vue-cartier-piccadilly-ct0344o-001-m\/","url":"https:\/\/www.lunette-opticien-paris.com\/index.php\/produit\/lunettes-de-vue-cartier-piccadilly-ct0344o-001-m\/","name":"Lunettes de vue Cartier Piccadilly CT0344O-001 M - Roosevelt optic","isPartOf":{"@id":"https:\/\/www.lunette-opticien-paris.com\/#website"},"primaryImageOfPage":{"@id":"https:\/\/www.lunette-opticien-paris.com\/index.php\/produit\/lunettes-de-vue-cartier-piccadilly-ct0344o-001-m\/#primaryimage"},"image":{"@id":"https:\/\/www.lunette-opticien-paris.com\/index.php\/produit\/lunettes-de-vue-cartier-piccadilly-ct0344o-001-m\/#primaryimage"},"thumbnailUrl":"https:\/\/www.lunette-opticien-paris.com\/wp-content\/uploads\/2025\/02\/CT0340.webp","datePublished":"2025-02-25T20:22:02+00:00","dateModified":"2026-04-21T20:42:22+00:00","description":"Retrouvez dans notre boutique Roosevelt optic \u00e0 Paris 8e les Lunettes de vue Cartier Piccadilly CT0344O-001 M.","breadcrumb":{"@id":"https:\/\/www.lunette-opticien-paris.com\/index.php\/produit\/lunettes-de-vue-cartier-piccadilly-ct0344o-001-m\/#breadcrumb"},"inLanguage":"fr-FR","potentialAction":[{"@type":"ReadAction","target":["https:\/\/www.lunette-opticien-paris.com\/index.php\/produit\/lunettes-de-vue-cartier-piccadilly-ct0344o-001-m\/"]}]},{"@type":"ImageObject","inLanguage":"fr-FR","@id":"https:\/\/www.lunette-opticien-paris.com\/index.php\/produit\/lunettes-de-vue-cartier-piccadilly-ct0344o-001-m\/#primaryimage","url":"https:\/\/www.lunette-opticien-paris.com\/wp-content\/uploads\/2025\/02\/CT0340.webp","contentUrl":"https:\/\/www.lunette-opticien-paris.com\/wp-content\/uploads\/2025\/02\/CT0340.webp","width":2400,"height":1286},{"@type":"BreadcrumbList","@id":"https:\/\/www.lunette-opticien-paris.com\/index.php\/produit\/lunettes-de-vue-cartier-piccadilly-ct0344o-001-m\/#breadcrumb","itemListElement":[{"@type":"ListItem","position":1,"name":"Accueil","item":"https:\/\/www.lunette-opticien-paris.com\/"},{"@type":"ListItem","position":2,"name":"Produits","item":"https:\/\/www.lunette-opticien-paris.com\/index.php\/boutique\/"},{"@type":"ListItem","position":3,"name":"Lunettes de vue Cartier Piccadilly CT0344O-001 M"}]},{"@type":"WebSite","@id":"https:\/\/www.lunette-opticien-paris.com\/#website","url":"https:\/\/www.lunette-opticien-paris.com\/","name":"Roosevelt Optic","description":"Opticien \u00e0 Paris 8e depuis plus de 20 ans","publisher":{"@id":"https:\/\/www.lunette-opticien-paris.com\/#organization"},"alternateName":"Roosevelt Optic","potentialAction":[{"@type":"SearchAction","target":{"@type":"EntryPoint","urlTemplate":"https:\/\/www.lunette-opticien-paris.com\/?s={search_term_string}"},"query-input":{"@type":"PropertyValueSpecification","valueRequired":true,"valueName":"search_term_string"}}],"inLanguage":"fr-FR"},{"@type":"Organization","@id":"https:\/\/www.lunette-opticien-paris.com\/#organization","name":"Roosevelt Optic","alternateName":"Roosevelt Optic","url":"https:\/\/www.lunette-opticien-paris.com\/","logo":{"@type":"ImageObject","inLanguage":"fr-FR","@id":"https:\/\/www.lunette-opticien-paris.com\/#\/schema\/logo\/image\/","url":"https:\/\/www.lunette-opticien-paris.com\/wp-content\/uploads\/2023\/03\/RooseveltOptic_CARLCOM_Logo_VDAW_SignBlue2-1-e1681655662478.png","contentUrl":"https:\/\/www.lunette-opticien-paris.com\/wp-content\/uploads\/2023\/03\/RooseveltOptic_CARLCOM_Logo_VDAW_SignBlue2-1-e1681655662478.png","width":959,"height":347,"caption":"Roosevelt Optic"},"image":{"@id":"https:\/\/www.lunette-opticien-paris.com\/#\/schema\/logo\/image\/"},"sameAs":["https:\/\/www.facebook.com\/opticien.Paris\/","https:\/\/www.instagram.com\/rooseveltoptic\/"]}]}},"_links":{"self":[{"href":"https:\/\/www.lunette-opticien-paris.com\/index.php\/wp-json\/wp\/v2\/product\/3450","targetHints":{"allow":["GET"]}}],"collection":[{"href":"https:\/\/www.lunette-opticien-paris.com\/index.php\/wp-json\/wp\/v2\/product"}],"about":[{"href":"https:\/\/www.lunette-opticien-paris.com\/index.php\/wp-json\/wp\/v2\/types\/product"}],"replies":[{"embeddable":true,"href":"https:\/\/www.lunette-opticien-paris.com\/index.php\/wp-json\/wp\/v2\/comments?post=3450"}],"version-history":[{"count":1,"href":"https:\/\/www.lunette-opticien-paris.com\/index.php\/wp-json\/wp\/v2\/product\/3450\/revisions"}],"predecessor-version":[{"id":6820,"href":"https:\/\/www.lunette-opticien-paris.com\/index.php\/wp-json\/wp\/v2\/product\/3450\/revisions\/6820"}],"wp:featuredmedia":[{"embeddable":true,"href":"https:\/\/www.lunette-opticien-paris.com\/index.php\/wp-json\/wp\/v2\/media\/3457"}],"wp:attachment":[{"href":"https:\/\/www.lunette-opticien-paris.com\/index.php\/wp-json\/wp\/v2\/media?parent=3450"}],"wp:term":[{"taxonomy":"product_brand","embeddable":true,"href":"https:\/\/www.lunette-opticien-paris.com\/index.php\/wp-json\/wp\/v2\/product_brand?post=3450"},{"taxonomy":"product_cat","embeddable":true,"href":"https:\/\/www.lunette-opticien-paris.com\/index.php\/wp-json\/wp\/v2\/product_cat?post=3450"},{"taxonomy":"product_tag","embeddable":true,"href":"https:\/\/www.lunette-opticien-paris.com\/index.php\/wp-json\/wp\/v2\/product_tag?post=3450"}],"curies":[{"name":"wp","href":"https:\/\/api.w.org\/{rel}","templated":true}]}}