{"id":6452,"date":"2026-02-08T20:04:37","date_gmt":"2026-02-08T19:04:37","guid":{"rendered":"https:\/\/www.lunette-opticien-paris.com\/?post_type=product&#038;p=6452"},"modified":"2026-02-08T20:16:22","modified_gmt":"2026-02-08T19:16:22","slug":"lunettes-de-vue-fred-fg50093i-054-acetate-brillant-ecaille-50","status":"publish","type":"product","link":"https:\/\/www.lunette-opticien-paris.com\/index.php\/produit\/lunettes-de-vue-fred-fg50093i-054-acetate-brillant-ecaille-50\/","title":{"rendered":"Lunettes de vue Fred FG50093I 054- Ac\u00e9tate brillant \u00e9caille 50"},"content":{"rendered":"<p><strong>Lunettes de vue Fred FG50093I 054- Ac\u00e9tate brillant \u00e9caille 50<\/strong><\/p>\n<p>Mat\u00e9riau de la face : Ac\u00e9tate<br \/>\nType de verres : Organique<br \/>\nCaract\u00e9ristiques des verres : d\u00e9mo<br \/>\nR\u00e9f\u00e9rence : FG50093I<br \/>\nTaille : 50<\/p>\n","protected":false},"excerpt":{"rendered":"<p>Mat\u00e9riau de la face : Ac\u00e9tate<br \/>\nType de verres : Organique<br \/>\nCaract\u00e9ristiques des verres : D\u00e9mo<br \/>\nR\u00e9f\u00e9rence : FG50093I<br \/>\nTaille : 50<\/p>\n","protected":false},"featured_media":6426,"comment_status":"open","ping_status":"closed","template":"","meta":{"_acf_changed":false},"product_brand":[],"product_cat":[36,22,80,24,81],"product_tag":[102],"class_list":{"0":"post-6452","1":"product","2":"type-product","3":"status-publish","4":"has-post-thumbnail","6":"product_cat-fred","7":"product_cat-lunettes-de-vue","8":"product_cat-lunettes-de-vue-fred","9":"product_cat-lunettes-de-vue-homme","10":"product_cat-lunettes-de-vue-homme-fred","11":"product_tag-lunettes-de-vue","13":"first","14":"instock","15":"sale","16":"taxable","17":"shipping-taxable","18":"purchasable","19":"product-type-simple"},"acf":[],"yoast_head":"<!-- This site is optimized with the Yoast SEO plugin v27.3 - https:\/\/yoast.com\/product\/yoast-seo-wordpress\/ -->\n<title>Lunettes de vue Fred FG50093I 054- Ac\u00e9tate brillant \u00e9caille 50 - Roosevelt optic<\/title>\n<meta name=\"description\" content=\"Retrouvez dans notre boutique Roosevelt optic \u00e0 Paris 8e les Lunettes de vue Fred FG50093I 054- Ac\u00e9tate brillant \u00e9caille 50. Contactez-nous\u00a0sur\u00a0notre\u00a0site.\" \/>\n<meta name=\"robots\" content=\"index, follow, max-snippet:-1, max-image-preview:large, max-video-preview:-1\" \/>\n<link rel=\"canonical\" href=\"https:\/\/www.lunette-opticien-paris.com\/index.php\/produit\/lunettes-de-vue-fred-fg50093i-054-acetate-brillant-ecaille-50\/\" \/>\n<meta property=\"og:locale\" content=\"fr_FR\" \/>\n<meta property=\"og:type\" content=\"article\" \/>\n<meta property=\"og:title\" content=\"Lunettes de vue Fred FG50093I 054- Ac\u00e9tate brillant \u00e9caille 50 - Roosevelt optic\" \/>\n<meta property=\"og:description\" content=\"Retrouvez dans notre boutique Roosevelt optic \u00e0 Paris 8e les Lunettes de vue Fred FG50093I 054- Ac\u00e9tate brillant \u00e9caille 50. Contactez-nous\u00a0sur\u00a0notre\u00a0site.\" \/>\n<meta property=\"og:url\" content=\"https:\/\/www.lunette-opticien-paris.com\/index.php\/produit\/lunettes-de-vue-fred-fg50093i-054-acetate-brillant-ecaille-50\/\" \/>\n<meta property=\"og:site_name\" content=\"Roosevelt optic\" \/>\n<meta property=\"article:publisher\" content=\"https:\/\/www.facebook.com\/opticien.Paris\/\" \/>\n<meta property=\"article:modified_time\" content=\"2026-02-08T19:16:22+00:00\" \/>\n<meta property=\"og:image\" content=\"https:\/\/www.lunette-opticien-paris.com\/wp-content\/uploads\/2026\/02\/FG50093I_054_01_21_11zon-e1770223559482.webp\" \/>\n\t<meta property=\"og:image:width\" content=\"1200\" \/>\n\t<meta property=\"og:image:height\" content=\"332\" \/>\n\t<meta property=\"og:image:type\" content=\"image\/webp\" \/>\n<meta name=\"twitter:card\" content=\"summary_large_image\" \/>\n<meta name=\"twitter:label1\" content=\"Dur\u00e9e de lecture estim\u00e9e\" \/>\n\t<meta name=\"twitter:data1\" content=\"1 minute\" \/>\n<script type=\"application\/ld+json\" class=\"yoast-schema-graph\">{\"@context\":\"https:\\\/\\\/schema.org\",\"@graph\":[{\"@type\":\"WebPage\",\"@id\":\"https:\\\/\\\/www.lunette-opticien-paris.com\\\/index.php\\\/produit\\\/lunettes-de-vue-fred-fg50093i-054-acetate-brillant-ecaille-50\\\/\",\"url\":\"https:\\\/\\\/www.lunette-opticien-paris.com\\\/index.php\\\/produit\\\/lunettes-de-vue-fred-fg50093i-054-acetate-brillant-ecaille-50\\\/\",\"name\":\"Lunettes de vue Fred FG50093I 054- Ac\u00e9tate brillant \u00e9caille 50 - Roosevelt optic\",\"isPartOf\":{\"@id\":\"https:\\\/\\\/www.lunette-opticien-paris.com\\\/#website\"},\"primaryImageOfPage\":{\"@id\":\"https:\\\/\\\/www.lunette-opticien-paris.com\\\/index.php\\\/produit\\\/lunettes-de-vue-fred-fg50093i-054-acetate-brillant-ecaille-50\\\/#primaryimage\"},\"image\":{\"@id\":\"https:\\\/\\\/www.lunette-opticien-paris.com\\\/index.php\\\/produit\\\/lunettes-de-vue-fred-fg50093i-054-acetate-brillant-ecaille-50\\\/#primaryimage\"},\"thumbnailUrl\":\"https:\\\/\\\/www.lunette-opticien-paris.com\\\/wp-content\\\/uploads\\\/2026\\\/02\\\/FG50093I_054_01_21_11zon-e1770223559482.webp\",\"datePublished\":\"2026-02-08T19:04:37+00:00\",\"dateModified\":\"2026-02-08T19:16:22+00:00\",\"description\":\"Retrouvez dans notre boutique Roosevelt optic \u00e0 Paris 8e les Lunettes de vue Fred FG50093I 054- Ac\u00e9tate brillant \u00e9caille 50. Contactez-nous\u00a0sur\u00a0notre\u00a0site.\",\"breadcrumb\":{\"@id\":\"https:\\\/\\\/www.lunette-opticien-paris.com\\\/index.php\\\/produit\\\/lunettes-de-vue-fred-fg50093i-054-acetate-brillant-ecaille-50\\\/#breadcrumb\"},\"inLanguage\":\"fr-FR\",\"potentialAction\":[{\"@type\":\"ReadAction\",\"target\":[\"https:\\\/\\\/www.lunette-opticien-paris.com\\\/index.php\\\/produit\\\/lunettes-de-vue-fred-fg50093i-054-acetate-brillant-ecaille-50\\\/\"]}]},{\"@type\":\"ImageObject\",\"inLanguage\":\"fr-FR\",\"@id\":\"https:\\\/\\\/www.lunette-opticien-paris.com\\\/index.php\\\/produit\\\/lunettes-de-vue-fred-fg50093i-054-acetate-brillant-ecaille-50\\\/#primaryimage\",\"url\":\"https:\\\/\\\/www.lunette-opticien-paris.com\\\/wp-content\\\/uploads\\\/2026\\\/02\\\/FG50093I_054_01_21_11zon-e1770223559482.webp\",\"contentUrl\":\"https:\\\/\\\/www.lunette-opticien-paris.com\\\/wp-content\\\/uploads\\\/2026\\\/02\\\/FG50093I_054_01_21_11zon-e1770223559482.webp\",\"width\":1200,\"height\":332},{\"@type\":\"BreadcrumbList\",\"@id\":\"https:\\\/\\\/www.lunette-opticien-paris.com\\\/index.php\\\/produit\\\/lunettes-de-vue-fred-fg50093i-054-acetate-brillant-ecaille-50\\\/#breadcrumb\",\"itemListElement\":[{\"@type\":\"ListItem\",\"position\":1,\"name\":\"Accueil\",\"item\":\"https:\\\/\\\/www.lunette-opticien-paris.com\\\/\"},{\"@type\":\"ListItem\",\"position\":2,\"name\":\"Produits\",\"item\":\"https:\\\/\\\/www.lunette-opticien-paris.com\\\/index.php\\\/boutique\\\/\"},{\"@type\":\"ListItem\",\"position\":3,\"name\":\"Lunettes de vue Fred FG50093I 054- Ac\u00e9tate brillant \u00e9caille 50\"}]},{\"@type\":\"WebSite\",\"@id\":\"https:\\\/\\\/www.lunette-opticien-paris.com\\\/#website\",\"url\":\"https:\\\/\\\/www.lunette-opticien-paris.com\\\/\",\"name\":\"Roosevelt Optic\",\"description\":\"Opticien \u00e0 Paris 8e depuis plus de 20 ans\",\"publisher\":{\"@id\":\"https:\\\/\\\/www.lunette-opticien-paris.com\\\/#organization\"},\"alternateName\":\"Roosevelt Optic\",\"potentialAction\":[{\"@type\":\"SearchAction\",\"target\":{\"@type\":\"EntryPoint\",\"urlTemplate\":\"https:\\\/\\\/www.lunette-opticien-paris.com\\\/?s={search_term_string}\"},\"query-input\":{\"@type\":\"PropertyValueSpecification\",\"valueRequired\":true,\"valueName\":\"search_term_string\"}}],\"inLanguage\":\"fr-FR\"},{\"@type\":\"Organization\",\"@id\":\"https:\\\/\\\/www.lunette-opticien-paris.com\\\/#organization\",\"name\":\"Roosevelt Optic\",\"alternateName\":\"Roosevelt Optic\",\"url\":\"https:\\\/\\\/www.lunette-opticien-paris.com\\\/\",\"logo\":{\"@type\":\"ImageObject\",\"inLanguage\":\"fr-FR\",\"@id\":\"https:\\\/\\\/www.lunette-opticien-paris.com\\\/#\\\/schema\\\/logo\\\/image\\\/\",\"url\":\"https:\\\/\\\/www.lunette-opticien-paris.com\\\/wp-content\\\/uploads\\\/2023\\\/03\\\/RooseveltOptic_CARLCOM_Logo_VDAW_SignBlue2-1-e1681655662478.png\",\"contentUrl\":\"https:\\\/\\\/www.lunette-opticien-paris.com\\\/wp-content\\\/uploads\\\/2023\\\/03\\\/RooseveltOptic_CARLCOM_Logo_VDAW_SignBlue2-1-e1681655662478.png\",\"width\":959,\"height\":347,\"caption\":\"Roosevelt Optic\"},\"image\":{\"@id\":\"https:\\\/\\\/www.lunette-opticien-paris.com\\\/#\\\/schema\\\/logo\\\/image\\\/\"},\"sameAs\":[\"https:\\\/\\\/www.facebook.com\\\/opticien.Paris\\\/\",\"https:\\\/\\\/www.instagram.com\\\/rooseveltoptic\\\/\"]}]}<\/script>\n<!-- \/ Yoast SEO plugin. -->","yoast_head_json":{"title":"Lunettes de vue Fred FG50093I 054- Ac\u00e9tate brillant \u00e9caille 50 - Roosevelt optic","description":"Retrouvez dans notre boutique Roosevelt optic \u00e0 Paris 8e les Lunettes de vue Fred FG50093I 054- Ac\u00e9tate brillant \u00e9caille 50. Contactez-nous\u00a0sur\u00a0notre\u00a0site.","robots":{"index":"index","follow":"follow","max-snippet":"max-snippet:-1","max-image-preview":"max-image-preview:large","max-video-preview":"max-video-preview:-1"},"canonical":"https:\/\/www.lunette-opticien-paris.com\/index.php\/produit\/lunettes-de-vue-fred-fg50093i-054-acetate-brillant-ecaille-50\/","og_locale":"fr_FR","og_type":"article","og_title":"Lunettes de vue Fred FG50093I 054- Ac\u00e9tate brillant \u00e9caille 50 - Roosevelt optic","og_description":"Retrouvez dans notre boutique Roosevelt optic \u00e0 Paris 8e les Lunettes de vue Fred FG50093I 054- Ac\u00e9tate brillant \u00e9caille 50. Contactez-nous\u00a0sur\u00a0notre\u00a0site.","og_url":"https:\/\/www.lunette-opticien-paris.com\/index.php\/produit\/lunettes-de-vue-fred-fg50093i-054-acetate-brillant-ecaille-50\/","og_site_name":"Roosevelt optic","article_publisher":"https:\/\/www.facebook.com\/opticien.Paris\/","article_modified_time":"2026-02-08T19:16:22+00:00","og_image":[{"width":1200,"height":332,"url":"https:\/\/www.lunette-opticien-paris.com\/wp-content\/uploads\/2026\/02\/FG50093I_054_01_21_11zon-e1770223559482.webp","type":"image\/webp"}],"twitter_card":"summary_large_image","twitter_misc":{"Dur\u00e9e de lecture estim\u00e9e":"1 minute"},"schema":{"@context":"https:\/\/schema.org","@graph":[{"@type":"WebPage","@id":"https:\/\/www.lunette-opticien-paris.com\/index.php\/produit\/lunettes-de-vue-fred-fg50093i-054-acetate-brillant-ecaille-50\/","url":"https:\/\/www.lunette-opticien-paris.com\/index.php\/produit\/lunettes-de-vue-fred-fg50093i-054-acetate-brillant-ecaille-50\/","name":"Lunettes de vue Fred FG50093I 054- Ac\u00e9tate brillant \u00e9caille 50 - Roosevelt optic","isPartOf":{"@id":"https:\/\/www.lunette-opticien-paris.com\/#website"},"primaryImageOfPage":{"@id":"https:\/\/www.lunette-opticien-paris.com\/index.php\/produit\/lunettes-de-vue-fred-fg50093i-054-acetate-brillant-ecaille-50\/#primaryimage"},"image":{"@id":"https:\/\/www.lunette-opticien-paris.com\/index.php\/produit\/lunettes-de-vue-fred-fg50093i-054-acetate-brillant-ecaille-50\/#primaryimage"},"thumbnailUrl":"https:\/\/www.lunette-opticien-paris.com\/wp-content\/uploads\/2026\/02\/FG50093I_054_01_21_11zon-e1770223559482.webp","datePublished":"2026-02-08T19:04:37+00:00","dateModified":"2026-02-08T19:16:22+00:00","description":"Retrouvez dans notre boutique Roosevelt optic \u00e0 Paris 8e les Lunettes de vue Fred FG50093I 054- Ac\u00e9tate brillant \u00e9caille 50. Contactez-nous\u00a0sur\u00a0notre\u00a0site.","breadcrumb":{"@id":"https:\/\/www.lunette-opticien-paris.com\/index.php\/produit\/lunettes-de-vue-fred-fg50093i-054-acetate-brillant-ecaille-50\/#breadcrumb"},"inLanguage":"fr-FR","potentialAction":[{"@type":"ReadAction","target":["https:\/\/www.lunette-opticien-paris.com\/index.php\/produit\/lunettes-de-vue-fred-fg50093i-054-acetate-brillant-ecaille-50\/"]}]},{"@type":"ImageObject","inLanguage":"fr-FR","@id":"https:\/\/www.lunette-opticien-paris.com\/index.php\/produit\/lunettes-de-vue-fred-fg50093i-054-acetate-brillant-ecaille-50\/#primaryimage","url":"https:\/\/www.lunette-opticien-paris.com\/wp-content\/uploads\/2026\/02\/FG50093I_054_01_21_11zon-e1770223559482.webp","contentUrl":"https:\/\/www.lunette-opticien-paris.com\/wp-content\/uploads\/2026\/02\/FG50093I_054_01_21_11zon-e1770223559482.webp","width":1200,"height":332},{"@type":"BreadcrumbList","@id":"https:\/\/www.lunette-opticien-paris.com\/index.php\/produit\/lunettes-de-vue-fred-fg50093i-054-acetate-brillant-ecaille-50\/#breadcrumb","itemListElement":[{"@type":"ListItem","position":1,"name":"Accueil","item":"https:\/\/www.lunette-opticien-paris.com\/"},{"@type":"ListItem","position":2,"name":"Produits","item":"https:\/\/www.lunette-opticien-paris.com\/index.php\/boutique\/"},{"@type":"ListItem","position":3,"name":"Lunettes de vue Fred FG50093I 054- Ac\u00e9tate brillant \u00e9caille 50"}]},{"@type":"WebSite","@id":"https:\/\/www.lunette-opticien-paris.com\/#website","url":"https:\/\/www.lunette-opticien-paris.com\/","name":"Roosevelt Optic","description":"Opticien \u00e0 Paris 8e depuis plus de 20 ans","publisher":{"@id":"https:\/\/www.lunette-opticien-paris.com\/#organization"},"alternateName":"Roosevelt Optic","potentialAction":[{"@type":"SearchAction","target":{"@type":"EntryPoint","urlTemplate":"https:\/\/www.lunette-opticien-paris.com\/?s={search_term_string}"},"query-input":{"@type":"PropertyValueSpecification","valueRequired":true,"valueName":"search_term_string"}}],"inLanguage":"fr-FR"},{"@type":"Organization","@id":"https:\/\/www.lunette-opticien-paris.com\/#organization","name":"Roosevelt Optic","alternateName":"Roosevelt Optic","url":"https:\/\/www.lunette-opticien-paris.com\/","logo":{"@type":"ImageObject","inLanguage":"fr-FR","@id":"https:\/\/www.lunette-opticien-paris.com\/#\/schema\/logo\/image\/","url":"https:\/\/www.lunette-opticien-paris.com\/wp-content\/uploads\/2023\/03\/RooseveltOptic_CARLCOM_Logo_VDAW_SignBlue2-1-e1681655662478.png","contentUrl":"https:\/\/www.lunette-opticien-paris.com\/wp-content\/uploads\/2023\/03\/RooseveltOptic_CARLCOM_Logo_VDAW_SignBlue2-1-e1681655662478.png","width":959,"height":347,"caption":"Roosevelt Optic"},"image":{"@id":"https:\/\/www.lunette-opticien-paris.com\/#\/schema\/logo\/image\/"},"sameAs":["https:\/\/www.facebook.com\/opticien.Paris\/","https:\/\/www.instagram.com\/rooseveltoptic\/"]}]}},"_links":{"self":[{"href":"https:\/\/www.lunette-opticien-paris.com\/index.php\/wp-json\/wp\/v2\/product\/6452","targetHints":{"allow":["GET"]}}],"collection":[{"href":"https:\/\/www.lunette-opticien-paris.com\/index.php\/wp-json\/wp\/v2\/product"}],"about":[{"href":"https:\/\/www.lunette-opticien-paris.com\/index.php\/wp-json\/wp\/v2\/types\/product"}],"replies":[{"embeddable":true,"href":"https:\/\/www.lunette-opticien-paris.com\/index.php\/wp-json\/wp\/v2\/comments?post=6452"}],"version-history":[{"count":6,"href":"https:\/\/www.lunette-opticien-paris.com\/index.php\/wp-json\/wp\/v2\/product\/6452\/revisions"}],"predecessor-version":[{"id":6467,"href":"https:\/\/www.lunette-opticien-paris.com\/index.php\/wp-json\/wp\/v2\/product\/6452\/revisions\/6467"}],"wp:featuredmedia":[{"embeddable":true,"href":"https:\/\/www.lunette-opticien-paris.com\/index.php\/wp-json\/wp\/v2\/media\/6426"}],"wp:attachment":[{"href":"https:\/\/www.lunette-opticien-paris.com\/index.php\/wp-json\/wp\/v2\/media?parent=6452"}],"wp:term":[{"taxonomy":"product_brand","embeddable":true,"href":"https:\/\/www.lunette-opticien-paris.com\/index.php\/wp-json\/wp\/v2\/product_brand?post=6452"},{"taxonomy":"product_cat","embeddable":true,"href":"https:\/\/www.lunette-opticien-paris.com\/index.php\/wp-json\/wp\/v2\/product_cat?post=6452"},{"taxonomy":"product_tag","embeddable":true,"href":"https:\/\/www.lunette-opticien-paris.com\/index.php\/wp-json\/wp\/v2\/product_tag?post=6452"}],"curies":[{"name":"wp","href":"https:\/\/api.w.org\/{rel}","templated":true}]}}